{"id":329,"date":"2025-08-19T07:19:37","date_gmt":"2025-08-19T07:19:37","guid":{"rendered":"https:\/\/behomie.com\/blog\/?page_id=329"},"modified":"2025-08-19T07:26:29","modified_gmt":"2025-08-19T07:26:29","slug":"behomie-experiencias-en-madeira","status":"publish","type":"page","link":"https:\/\/behomie.com\/blog\/es\/","title":{"rendered":"Homie: experiencias en Madeira"},"content":{"rendered":"\t\t<div data-elementor-type=\"wp-page\" data-elementor-id=\"329\" class=\"elementor elementor-329 elementor-229\" data-elementor-post-type=\"page\">\n\t\t\t\t<div class=\"elementor-element elementor-element-cd5be55 e-flex e-con-boxed e-con e-parent\" data-id=\"cd5be55\" data-element_type=\"container\" data-e-type=\"container\" data-settings=\"{&quot;background_background&quot;:&quot;classic&quot;}\">\n\t\t\t\t\t<div class=\"e-con-inner\">\n\t\t<div class=\"elementor-element elementor-element-5e17df2 e-con-full e-flex e-con e-child\" data-id=\"5e17df2\" data-element_type=\"container\" data-e-type=\"container\">\n\t\t\t\t<div class=\"elementor-element elementor-element-972c6a0 elementor-widget__width-initial elementor-widget elementor-widget-theme-post-title elementor-page-title elementor-widget-heading\" data-id=\"972c6a0\" data-element_type=\"widget\" data-e-type=\"widget\" data-widget_type=\"theme-post-title.default\">\n\t\t\t\t<div class=\"elementor-widget-container\">\n\t\t\t\t\t<h1 class=\"elementor-heading-title elementor-size-default\">Homie: experiencias en Madeira<\/h1>\t\t\t\t<\/div>\n\t\t\t\t<\/div>\n\t\t\t\t<div class=\"elementor-element elementor-element-0ba93c5 elementor-widget elementor-widget-text-editor\" data-id=\"0ba93c5\" data-element_type=\"widget\" data-e-type=\"widget\" data-widget_type=\"text-editor.default\">\n\t\t\t\t<div class=\"elementor-widget-container\">\n\t\t\t\t\t\t\t\t\t<p data-start=\"53\" data-end=\"156\">\u00bfEst\u00e1s pensando en <strong>visitar Madeira<\/strong>? Est\u00e1s en el lugar correcto.<\/p><p data-start=\"158\" data-end=\"304\">Disfruta de<strong> nuestra gu\u00eda completa de Madeira<\/strong> con todo lo que necesitas saber antes de tu viaje a esta impresionante isla en el oc\u00e9ano Atl\u00e1ntico.<\/p><p data-start=\"306\" data-end=\"320\"><strong>\u00a1Desc\u00fabrela!<\/strong><\/p>\t\t\t\t\t\t\t\t<\/div>\n\t\t\t\t<\/div>\n\t\t\t\t<\/div>\n\t\t<div class=\"elementor-element elementor-element-e6e20b2 e-con-full e-flex e-con e-child\" data-id=\"e6e20b2\" data-element_type=\"container\" data-e-type=\"container\">\n\t\t\t\t<div class=\"elementor-element elementor-element-31d6b26 elementor-widget elementor-widget-theme-post-featured-image elementor-widget-image\" data-id=\"31d6b26\" data-element_type=\"widget\" data-e-type=\"widget\" data-widget_type=\"theme-post-featured-image.default\">\n\t\t\t\t<div class=\"elementor-widget-container\">\n\t\t\t\t\t\t\t\t\t\t\t\t\t\t\t<img decoding=\"async\" src=\"https:\/\/behomie.com\/blog\/wp-content\/uploads\/elementor\/thumbs\/IMG_20190427_111201-p5raplb2ufv07fsfv1npfa7j0y5lzhxfb4oenqqkq8.jpg\" title=\"IMG_20190427_111201\" alt=\"IMG_20190427_111201\" loading=\"lazy\" \/>\t\t\t\t\t\t\t\t\t\t\t\t\t\t\t<\/div>\n\t\t\t\t<\/div>\n\t\t\t\t<\/div>\n\t\t\t\t\t<\/div>\n\t\t\t\t<\/div>\n\t\t<div class=\"elementor-element elementor-element-a726198 e-flex e-con-boxed e-con e-parent\" data-id=\"a726198\" data-element_type=\"container\" data-e-type=\"container\">\n\t\t\t\t\t<div class=\"e-con-inner\">\n\t\t\t\t<div class=\"elementor-element elementor-element-26cc3c1 elementor-widget elementor-widget-heading\" data-id=\"26cc3c1\" data-element_type=\"widget\" data-e-type=\"widget\" data-widget_type=\"heading.default\">\n\t\t\t\t<div class=\"elementor-widget-container\">\n\t\t\t\t\t<h2 class=\"elementor-heading-title elementor-size-default\">Descubre Madeira con nosotros<\/h2>\t\t\t\t<\/div>\n\t\t\t\t<\/div>\n\t\t\t\t\t<\/div>\n\t\t\t\t<\/div>\n\t\t<div class=\"elementor-element elementor-element-82c1f85 e-flex e-con-boxed e-con e-parent\" data-id=\"82c1f85\" data-element_type=\"container\" data-e-type=\"container\" data-settings=\"{&quot;background_background&quot;:&quot;classic&quot;}\">\n\t\t\t\t\t<div class=\"e-con-inner\">\n\t\t\t\t<div class=\"elementor-element elementor-element-3ace301 elementor-grid-4 elementor-grid-tablet-2 elementor-grid-mobile-1 elementor-posts--thumbnail-top elementor-card-shadow-yes elementor-posts__hover-gradient elementor-widget elementor-widget-posts\" data-id=\"3ace301\" data-element_type=\"widget\" data-e-type=\"widget\" data-settings=\"{&quot;cards_columns&quot;:&quot;4&quot;,&quot;cards_columns_tablet&quot;:&quot;2&quot;,&quot;cards_columns_mobile&quot;:&quot;1&quot;,&quot;cards_row_gap&quot;:{&quot;unit&quot;:&quot;px&quot;,&quot;size&quot;:35,&quot;sizes&quot;:[]},&quot;cards_row_gap_tablet&quot;:{&quot;unit&quot;:&quot;px&quot;,&quot;size&quot;:&quot;&quot;,&quot;sizes&quot;:[]},&quot;cards_row_gap_mobile&quot;:{&quot;unit&quot;:&quot;px&quot;,&quot;size&quot;:&quot;&quot;,&quot;sizes&quot;:[]}}\" data-widget_type=\"posts.cards\">\n\t\t\t\t<div class=\"elementor-widget-container\">\n\t\t\t\t\t\t\t<div class=\"elementor-posts-container elementor-posts elementor-posts--skin-cards elementor-grid\" role=\"list\">\n\t\t\t\t<article class=\"elementor-post elementor-grid-item post-988 post type-post status-publish format-standard has-post-thumbnail hentry category-sin-categorizar\" role=\"listitem\">\n\t\t\t<div class=\"elementor-post__card\">\n\t\t\t\t<a class=\"elementor-post__thumbnail__link\" href=\"https:\/\/behomie.com\/blog\/es\/delfines-en-madeira\/\" tabindex=\"-1\" ><div class=\"elementor-post__thumbnail\"><img fetchpriority=\"high\" decoding=\"async\" width=\"300\" height=\"169\" src=\"https:\/\/behomie.com\/blog\/wp-content\/uploads\/2025\/12\/whale-watching-madeira-1-300x169.jpg\" class=\"attachment-medium size-medium wp-image-980\" alt=\"whale-watching-madeira\" srcset=\"https:\/\/behomie.com\/blog\/wp-content\/uploads\/2025\/12\/whale-watching-madeira-1-300x169.jpg 300w, https:\/\/behomie.com\/blog\/wp-content\/uploads\/2025\/12\/whale-watching-madeira-1-1024x576.jpg 1024w, https:\/\/behomie.com\/blog\/wp-content\/uploads\/2025\/12\/whale-watching-madeira-1-768x432.jpg 768w, https:\/\/behomie.com\/blog\/wp-content\/uploads\/2025\/12\/whale-watching-madeira-1.jpg 1320w\" sizes=\"(max-width: 300px) 100vw, 300px\" \/><\/div><\/a>\n\t\t\t\t<div class=\"elementor-post__badge\">Sin categorizar<\/div>\n\t\t\t\t<div class=\"elementor-post__text\">\n\t\t\t\t<p class=\"elementor-post__title\">\n\t\t\t<a href=\"https:\/\/behomie.com\/blog\/es\/delfines-en-madeira\/\" >\n\t\t\t\tAvistamiento de delfines en Madeira\t\t\t<\/a>\n\t\t<\/p>\n\t\t\t\t<\/div>\n\t\t\t\t<div class=\"elementor-post__meta-data\">\n\t\t\t\t\t<span class=\"elementor-post-date\">\n\t\t\t23 de diciembre de 2025\t\t<\/span>\n\t\t\t\t<\/div>\n\t\t\t\t\t<\/div>\n\t\t<\/article>\n\t\t\t\t<article class=\"elementor-post elementor-grid-item post-221 post type-post status-publish format-standard hentry category-apoyos tag-apoios-es tag-co-financiados-es tag-ilha-da-madeira-es tag-projetos-es tag-promocao-ilha-da-madeira-es tag-proyectos-cofinanciados\" role=\"listitem\">\n\t\t\t<div class=\"elementor-post__card\">\n\t\t\t\t<div class=\"elementor-post__text\">\n\t\t\t\t<p class=\"elementor-post__title\">\n\t\t\t<a href=\"https:\/\/behomie.com\/blog\/es\/proyectos-cofinanciados\/\" >\n\t\t\t\tProyectos cofinanciados\t\t\t<\/a>\n\t\t<\/p>\n\t\t\t\t<\/div>\n\t\t\t\t<div class=\"elementor-post__meta-data\">\n\t\t\t\t\t<span class=\"elementor-post-date\">\n\t\t\t12 de agosto de 2021\t\t<\/span>\n\t\t\t\t<\/div>\n\t\t\t\t\t<\/div>\n\t\t<\/article>\n\t\t\t\t<article class=\"elementor-post elementor-grid-item post-198 post type-post status-publish format-standard hentry category-madeira-sun-travel-es tag-apartments-es tag-expotropical-es tag-flavors-es tag-funchal-es tag-gastronomy-es tag-lamprey-week-es tag-madeira-2-es tag-madeira-island-promotion-es tag-madeira-sun-travel-es tag-new-logo-es tag-offer-es tag-spring-es tag-tropical-es\" role=\"listitem\">\n\t\t\t<div class=\"elementor-post__card\">\n\t\t\t\t<div class=\"elementor-post__text\">\n\t\t\t\t<p class=\"elementor-post__title\">\n\t\t\t<a href=\"https:\/\/behomie.com\/blog\/es\/primavera-na-ilha-da-madeira\/\" >\n\t\t\t\tSpring at MADEIRA island!\t\t\t<\/a>\n\t\t<\/p>\n\t\t\t\t<\/div>\n\t\t\t\t<div class=\"elementor-post__meta-data\">\n\t\t\t\t\t<span class=\"elementor-post-date\">\n\t\t\t15 de abril de 2021\t\t<\/span>\n\t\t\t\t<\/div>\n\t\t\t\t\t<\/div>\n\t\t<\/article>\n\t\t\t\t<article class=\"elementor-post elementor-grid-item post-120 post type-post status-publish format-standard has-post-thumbnail hentry category-madeira-sun-travel-es tag-alojamiento-local tag-cultura-es tag-digital-nomad-es tag-estilo-de-vida-es tag-ilha-da-madeira-es tag-madeira-sun-travel-es tag-naturaleza tag-natureza-es tag-ponta-do-sol-es tag-trabajar tag-trabalhar-es tag-viajar-es tag-viaje\" role=\"listitem\">\n\t\t\t<div class=\"elementor-post__card\">\n\t\t\t\t<a class=\"elementor-post__thumbnail__link\" href=\"https:\/\/behomie.com\/blog\/es\/madeira-aposta-em-projeto-para-atrair-nomadas-digitais\/\" tabindex=\"-1\" ><div class=\"elementor-post__thumbnail\"><img decoding=\"async\" width=\"300\" height=\"200\" src=\"https:\/\/behomie.com\/blog\/wp-content\/uploads\/2021\/04\/WhatsApp-Image-2020-06-05-at-09.41.17-360x240.jpeg\" class=\"attachment-medium size-medium wp-image-183\" alt=\"\" \/><\/div><\/a>\n\t\t\t\t<div class=\"elementor-post__badge\">Madeira Sun Travel<\/div>\n\t\t\t\t<div class=\"elementor-post__text\">\n\t\t\t\t<p class=\"elementor-post__title\">\n\t\t\t<a href=\"https:\/\/behomie.com\/blog\/es\/madeira-aposta-em-projeto-para-atrair-nomadas-digitais\/\" >\n\t\t\t\tMadeira apuesta por proyecto para atraer n\u00f3madas digitales\u2026\t\t\t<\/a>\n\t\t<\/p>\n\t\t\t\t<\/div>\n\t\t\t\t<div class=\"elementor-post__meta-data\">\n\t\t\t\t\t<span class=\"elementor-post-date\">\n\t\t\t4 de marzo de 2021\t\t<\/span>\n\t\t\t\t<\/div>\n\t\t\t\t\t<\/div>\n\t\t<\/article>\n\t\t\t\t<article class=\"elementor-post elementor-grid-item post-106 post type-post status-publish format-standard has-post-thumbnail hentry category-madeira-sun-travel-es tag-2021-2-es tag-local-es tag-madeira-2-es tag-opportunities-es tag-sun-2-es tag-travel-2-es\" role=\"listitem\">\n\t\t\t<div class=\"elementor-post__card\">\n\t\t\t\t<a class=\"elementor-post__thumbnail__link\" href=\"https:\/\/behomie.com\/blog\/es\/bem-vindo-a-2021\/\" tabindex=\"-1\" ><div class=\"elementor-post__thumbnail\"><img decoding=\"async\" width=\"300\" height=\"200\" src=\"https:\/\/behomie.com\/blog\/wp-content\/uploads\/2021\/01\/132782678_978509096007076_5812454794420218823_n-360x240.jpg\" class=\"attachment-medium size-medium wp-image-81\" alt=\"\" \/><\/div><\/a>\n\t\t\t\t<div class=\"elementor-post__badge\">Madeira Sun Travel<\/div>\n\t\t\t\t<div class=\"elementor-post__text\">\n\t\t\t\t<p class=\"elementor-post__title\">\n\t\t\t<a href=\"https:\/\/behomie.com\/blog\/es\/bem-vindo-a-2021\/\" >\n\t\t\t\tBem Vindo a 2021\t\t\t<\/a>\n\t\t<\/p>\n\t\t\t\t<\/div>\n\t\t\t\t<div class=\"elementor-post__meta-data\">\n\t\t\t\t\t<span class=\"elementor-post-date\">\n\t\t\t13 de enero de 2021\t\t<\/span>\n\t\t\t\t<\/div>\n\t\t\t\t\t<\/div>\n\t\t<\/article>\n\t\t\t\t<article class=\"elementor-post elementor-grid-item post-103 post type-post status-publish format-standard has-post-thumbnail hentry category-madeira-sun-travel-es tag-alojamento-local-es tag-circuitos-es tag-eventos-es tag-experiencias-es tag-ferias-es tag-fim-de-semana-es tag-ilha-da-madeira-es tag-madeira-sun-travel-es\" role=\"listitem\">\n\t\t\t<div class=\"elementor-post__card\">\n\t\t\t\t<a class=\"elementor-post__thumbnail__link\" href=\"https:\/\/behomie.com\/blog\/es\/madeira-na-lista-dos-mercados-de-natal-mais-seguros-da-europa\/\" tabindex=\"-1\" ><div class=\"elementor-post__thumbnail\"><img loading=\"lazy\" decoding=\"async\" width=\"300\" height=\"200\" src=\"https:\/\/behomie.com\/blog\/wp-content\/uploads\/2021\/04\/12-Vista-do-pr\u00e9dio-no-Funchal-360x240.jpeg\" class=\"attachment-medium size-medium wp-image-143\" alt=\"\" \/><\/div><\/a>\n\t\t\t\t<div class=\"elementor-post__badge\">Madeira Sun Travel<\/div>\n\t\t\t\t<div class=\"elementor-post__text\">\n\t\t\t\t<p class=\"elementor-post__title\">\n\t\t\t<a href=\"https:\/\/behomie.com\/blog\/es\/madeira-na-lista-dos-mercados-de-natal-mais-seguros-da-europa\/\" >\n\t\t\t\tMADEIRA NA LISTA DOS MERCADOS DE NATAL MAIS SEGUROS DA EUROPA\t\t\t<\/a>\n\t\t<\/p>\n\t\t\t\t<\/div>\n\t\t\t\t<div class=\"elementor-post__meta-data\">\n\t\t\t\t\t<span class=\"elementor-post-date\">\n\t\t\t14 de octubre de 2020\t\t<\/span>\n\t\t\t\t<\/div>\n\t\t\t\t\t<\/div>\n\t\t<\/article>\n\t\t\t\t<article class=\"elementor-post elementor-grid-item post-99 post type-post status-publish format-standard has-post-thumbnail hentry category-madeira-sun-travel-es tag-alojamento-local-es tag-circuitos-es tag-eventos-es tag-experiencias-es tag-ferias-es tag-fim-de-semana-es tag-ilha-da-madeira-es tag-madeira-sun-travel-es\" role=\"listitem\">\n\t\t\t<div class=\"elementor-post__card\">\n\t\t\t\t<a class=\"elementor-post__thumbnail__link\" href=\"https:\/\/behomie.com\/blog\/es\/bem-vindos\/\" tabindex=\"-1\" ><div class=\"elementor-post__thumbnail\"><img loading=\"lazy\" decoding=\"async\" width=\"300\" height=\"200\" src=\"https:\/\/behomie.com\/blog\/wp-content\/uploads\/2021\/04\/7-Cozinha-e-Sala-de-Jantar-no-Funchal-360x240.jpg\" class=\"attachment-medium size-medium wp-image-147\" alt=\"\" srcset=\"https:\/\/behomie.com\/blog\/wp-content\/uploads\/2021\/04\/7-Cozinha-e-Sala-de-Jantar-no-Funchal-360x240.jpg 360w, https:\/\/behomie.com\/blog\/wp-content\/uploads\/2021\/04\/7-Cozinha-e-Sala-de-Jantar-no-Funchal-768x512.jpg 768w, https:\/\/behomie.com\/blog\/wp-content\/uploads\/2021\/04\/7-Cozinha-e-Sala-de-Jantar-no-Funchal-1536x1024.jpg 1536w, https:\/\/behomie.com\/blog\/wp-content\/uploads\/2021\/04\/7-Cozinha-e-Sala-de-Jantar-no-Funchal-2048x1365.jpg 2048w\" sizes=\"(max-width: 300px) 100vw, 300px\" \/><\/div><\/a>\n\t\t\t\t<div class=\"elementor-post__badge\">Madeira Sun Travel<\/div>\n\t\t\t\t<div class=\"elementor-post__text\">\n\t\t\t\t<p class=\"elementor-post__title\">\n\t\t\t<a href=\"https:\/\/behomie.com\/blog\/es\/bem-vindos\/\" >\n\t\t\t\tBem Vindos\t\t\t<\/a>\n\t\t<\/p>\n\t\t\t\t<\/div>\n\t\t\t\t<div class=\"elementor-post__meta-data\">\n\t\t\t\t\t<span class=\"elementor-post-date\">\n\t\t\t19 de agosto de 2020\t\t<\/span>\n\t\t\t\t<\/div>\n\t\t\t\t\t<\/div>\n\t\t<\/article>\n\t\t\t\t<\/div>\n\t\t\n\t\t\t\t\t\t<\/div>\n\t\t\t\t<\/div>\n\t\t\t\t\t<\/div>\n\t\t\t\t<\/div>\n\t\t<div class=\"elementor-element elementor-element-5a6dde4 e-flex e-con-boxed e-con e-parent\" data-id=\"5a6dde4\" data-element_type=\"container\" data-e-type=\"container\">\n\t\t\t\t\t<div class=\"e-con-inner\">\n\t\t<div class=\"elementor-element elementor-element-e3e52ca e-con-full e-flex e-con e-child\" data-id=\"e3e52ca\" data-element_type=\"container\" data-e-type=\"container\">\n\t\t\t\t<div class=\"elementor-element elementor-element-0011721 elementor-widget-mobile__width-inherit elementor-widget elementor-widget-heading\" data-id=\"0011721\" data-element_type=\"widget\" data-e-type=\"widget\" data-widget_type=\"heading.default\">\n\t\t\t\t<div class=\"elementor-widget-container\">\n\t\t\t\t\t<span class=\"elementor-heading-title elementor-size-default\">Nuestros alojamientos destacados<\/span>\t\t\t\t<\/div>\n\t\t\t\t<\/div>\n\t\t\t\t<div class=\"elementor-element elementor-element-f51c222 elementor-widget-divider--view-line elementor-widget elementor-widget-divider\" data-id=\"f51c222\" data-element_type=\"widget\" data-e-type=\"widget\" data-widget_type=\"divider.default\">\n\t\t\t\t<div class=\"elementor-widget-container\">\n\t\t\t\t\t\t\t<div class=\"elementor-divider\">\n\t\t\t<span class=\"elementor-divider-separator\">\n\t\t\t\t\t\t<\/span>\n\t\t<\/div>\n\t\t\t\t\t\t<\/div>\n\t\t\t\t<\/div>\n\t\t\t\t<div class=\"elementor-element elementor-element-f32bc40 elementor-align-justify elementor-widget elementor-widget-button\" data-id=\"f32bc40\" data-element_type=\"widget\" data-e-type=\"widget\" data-widget_type=\"button.default\">\n\t\t\t\t<div class=\"elementor-widget-container\">\n\t\t\t\t\t\t\t\t\t<div class=\"elementor-button-wrapper\">\n\t\t\t\t\t<a class=\"elementor-button elementor-button-link elementor-size-sm\" href=\"https:\/\/behomie.com\/es\/alquiler\/alquileres-portugal-p2\/\">\n\t\t\t\t\t\t<span class=\"elementor-button-content-wrapper\">\n\t\t\t\t\t\t\t\t\t<span class=\"elementor-button-text\">Alojamiento en Madeira<\/span>\n\t\t\t\t\t<\/span>\n\t\t\t\t\t<\/a>\n\t\t\t\t<\/div>\n\t\t\t\t\t\t\t\t<\/div>\n\t\t\t\t<\/div>\n\t\t\t\t<\/div>\n\t\t\t\t\t<\/div>\n\t\t\t\t<\/div>\n\t\t\t\t<\/div>\n\t\t","protected":false},"excerpt":{"rendered":"<p>\u00bfEst\u00e1s pensando en visitar Madeira? Est\u00e1s en el lugar correcto. Disfruta de nuestra gu\u00eda completa de Madeira con todo lo que necesitas saber antes de<\/p>\n","protected":false},"author":3,"featured_media":163,"parent":0,"menu_order":0,"comment_status":"closed","ping_status":"closed","template":"","meta":{"footnotes":""},"class_list":["post-329","page","type-page","status-publish","has-post-thumbnail","hentry"],"yoast_head":"<!-- This site is optimized with the Yoast SEO plugin v27.0 - https:\/\/yoast.com\/product\/yoast-seo-wordpress\/ -->\n<title>Homie: experiencias en Madeira - Blog<\/title>\n<meta name=\"robots\" content=\"index, follow, max-snippet:-1, max-image-preview:large, max-video-preview:-1\" \/>\n<link rel=\"canonical\" href=\"https:\/\/behomie.com\/blog\/es\/\" \/>\n<meta property=\"og:locale\" content=\"es_ES\" \/>\n<meta property=\"og:type\" content=\"article\" \/>\n<meta property=\"og:title\" content=\"Homie: experiencias en Madeira - Blog\" \/>\n<meta property=\"og:description\" content=\"\u00bfEst\u00e1s pensando en visitar Madeira? Est\u00e1s en el lugar correcto. Disfruta de nuestra gu\u00eda completa de Madeira con todo lo que necesitas saber antes de\" \/>\n<meta property=\"og:url\" content=\"https:\/\/behomie.com\/blog\/es\/\" \/>\n<meta property=\"og:site_name\" content=\"Blog\" \/>\n<meta property=\"article:modified_time\" content=\"2025-08-19T07:26:29+00:00\" \/>\n<meta property=\"og:image\" content=\"https:\/\/behomie.com\/blog\/wp-content\/uploads\/2021\/04\/IMG_20190427_111201.jpg\" \/>\n\t<meta property=\"og:image:width\" content=\"1127\" \/>\n\t<meta property=\"og:image:height\" content=\"843\" \/>\n\t<meta property=\"og:image:type\" content=\"image\/jpeg\" \/>\n<meta name=\"twitter:card\" content=\"summary_large_image\" \/>\n<meta name=\"twitter:label1\" content=\"Tiempo de lectura\" \/>\n\t<meta name=\"twitter:data1\" content=\"1 minuto\" \/>\n<script type=\"application\/ld+json\" class=\"yoast-schema-graph\">{\"@context\":\"https:\/\/schema.org\",\"@graph\":[{\"@type\":\"WebPage\",\"@id\":\"https:\/\/behomie.com\/blog\/es\/\",\"url\":\"https:\/\/behomie.com\/blog\/es\/\",\"name\":\"Homie: experiencias en Madeira - Blog\",\"isPartOf\":{\"@id\":\"https:\/\/behomie.com\/blog\/es\/#website\"},\"primaryImageOfPage\":{\"@id\":\"https:\/\/behomie.com\/blog\/es\/#primaryimage\"},\"image\":{\"@id\":\"https:\/\/behomie.com\/blog\/es\/#primaryimage\"},\"thumbnailUrl\":\"https:\/\/behomie.com\/blog\/wp-content\/uploads\/2021\/04\/IMG_20190427_111201.jpg\",\"datePublished\":\"2025-08-19T07:19:37+00:00\",\"dateModified\":\"2025-08-19T07:26:29+00:00\",\"breadcrumb\":{\"@id\":\"https:\/\/behomie.com\/blog\/es\/#breadcrumb\"},\"inLanguage\":\"es\",\"potentialAction\":[{\"@type\":\"ReadAction\",\"target\":[\"https:\/\/behomie.com\/blog\/es\/\"]}]},{\"@type\":\"ImageObject\",\"inLanguage\":\"es\",\"@id\":\"https:\/\/behomie.com\/blog\/es\/#primaryimage\",\"url\":\"https:\/\/behomie.com\/blog\/wp-content\/uploads\/2021\/04\/IMG_20190427_111201.jpg\",\"contentUrl\":\"https:\/\/behomie.com\/blog\/wp-content\/uploads\/2021\/04\/IMG_20190427_111201.jpg\",\"width\":1127,\"height\":843},{\"@type\":\"BreadcrumbList\",\"@id\":\"https:\/\/behomie.com\/blog\/es\/#breadcrumb\",\"itemListElement\":[{\"@type\":\"ListItem\",\"position\":1,\"name\":\"Home\",\"item\":\"https:\/\/behomie.com\/blog\/es\/\"},{\"@type\":\"ListItem\",\"position\":2,\"name\":\"Behomie: experiencias en Madeira\"}]},{\"@type\":\"WebSite\",\"@id\":\"https:\/\/behomie.com\/blog\/es\/#website\",\"url\":\"https:\/\/behomie.com\/blog\/es\/\",\"name\":\"Blog\",\"description\":\"Madeira holiday rentals\",\"potentialAction\":[{\"@type\":\"SearchAction\",\"target\":{\"@type\":\"EntryPoint\",\"urlTemplate\":\"https:\/\/behomie.com\/blog\/es\/?s={search_term_string}\"},\"query-input\":{\"@type\":\"PropertyValueSpecification\",\"valueRequired\":true,\"valueName\":\"search_term_string\"}}],\"inLanguage\":\"es\"}]}<\/script>\n<!-- \/ Yoast SEO plugin. -->","yoast_head_json":{"title":"Homie: experiencias en Madeira - Blog","robots":{"index":"index","follow":"follow","max-snippet":"max-snippet:-1","max-image-preview":"max-image-preview:large","max-video-preview":"max-video-preview:-1"},"canonical":"https:\/\/behomie.com\/blog\/es\/","og_locale":"es_ES","og_type":"article","og_title":"Homie: experiencias en Madeira - Blog","og_description":"\u00bfEst\u00e1s pensando en visitar Madeira? Est\u00e1s en el lugar correcto. Disfruta de nuestra gu\u00eda completa de Madeira con todo lo que necesitas saber antes de","og_url":"https:\/\/behomie.com\/blog\/es\/","og_site_name":"Blog","article_modified_time":"2025-08-19T07:26:29+00:00","og_image":[{"width":1127,"height":843,"url":"https:\/\/behomie.com\/blog\/wp-content\/uploads\/2021\/04\/IMG_20190427_111201.jpg","type":"image\/jpeg"}],"twitter_card":"summary_large_image","twitter_misc":{"Tiempo de lectura":"1 minuto"},"schema":{"@context":"https:\/\/schema.org","@graph":[{"@type":"WebPage","@id":"https:\/\/behomie.com\/blog\/es\/","url":"https:\/\/behomie.com\/blog\/es\/","name":"Homie: experiencias en Madeira - Blog","isPartOf":{"@id":"https:\/\/behomie.com\/blog\/es\/#website"},"primaryImageOfPage":{"@id":"https:\/\/behomie.com\/blog\/es\/#primaryimage"},"image":{"@id":"https:\/\/behomie.com\/blog\/es\/#primaryimage"},"thumbnailUrl":"https:\/\/behomie.com\/blog\/wp-content\/uploads\/2021\/04\/IMG_20190427_111201.jpg","datePublished":"2025-08-19T07:19:37+00:00","dateModified":"2025-08-19T07:26:29+00:00","breadcrumb":{"@id":"https:\/\/behomie.com\/blog\/es\/#breadcrumb"},"inLanguage":"es","potentialAction":[{"@type":"ReadAction","target":["https:\/\/behomie.com\/blog\/es\/"]}]},{"@type":"ImageObject","inLanguage":"es","@id":"https:\/\/behomie.com\/blog\/es\/#primaryimage","url":"https:\/\/behomie.com\/blog\/wp-content\/uploads\/2021\/04\/IMG_20190427_111201.jpg","contentUrl":"https:\/\/behomie.com\/blog\/wp-content\/uploads\/2021\/04\/IMG_20190427_111201.jpg","width":1127,"height":843},{"@type":"BreadcrumbList","@id":"https:\/\/behomie.com\/blog\/es\/#breadcrumb","itemListElement":[{"@type":"ListItem","position":1,"name":"Home","item":"https:\/\/behomie.com\/blog\/es\/"},{"@type":"ListItem","position":2,"name":"Behomie: experiencias en Madeira"}]},{"@type":"WebSite","@id":"https:\/\/behomie.com\/blog\/es\/#website","url":"https:\/\/behomie.com\/blog\/es\/","name":"Blog","description":"Madeira holiday rentals","potentialAction":[{"@type":"SearchAction","target":{"@type":"EntryPoint","urlTemplate":"https:\/\/behomie.com\/blog\/es\/?s={search_term_string}"},"query-input":{"@type":"PropertyValueSpecification","valueRequired":true,"valueName":"search_term_string"}}],"inLanguage":"es"}]}},"_links":{"self":[{"href":"https:\/\/behomie.com\/blog\/es\/wp-json\/wp\/v2\/pages\/329","targetHints":{"allow":["GET"]}}],"collection":[{"href":"https:\/\/behomie.com\/blog\/es\/wp-json\/wp\/v2\/pages"}],"about":[{"href":"https:\/\/behomie.com\/blog\/es\/wp-json\/wp\/v2\/types\/page"}],"author":[{"embeddable":true,"href":"https:\/\/behomie.com\/blog\/es\/wp-json\/wp\/v2\/users\/3"}],"replies":[{"embeddable":true,"href":"https:\/\/behomie.com\/blog\/es\/wp-json\/wp\/v2\/comments?post=329"}],"version-history":[{"count":4,"href":"https:\/\/behomie.com\/blog\/es\/wp-json\/wp\/v2\/pages\/329\/revisions"}],"predecessor-version":[{"id":335,"href":"https:\/\/behomie.com\/blog\/es\/wp-json\/wp\/v2\/pages\/329\/revisions\/335"}],"wp:featuredmedia":[{"embeddable":true,"href":"https:\/\/behomie.com\/blog\/es\/wp-json\/wp\/v2\/media\/163"}],"wp:attachment":[{"href":"https:\/\/behomie.com\/blog\/es\/wp-json\/wp\/v2\/media?parent=329"}],"curies":[{"name":"wp","href":"https:\/\/api.w.org\/{rel}","templated":true}]}}